{"id":82,"date":"2022-12-26T11:06:12","date_gmt":"2022-12-26T10:06:12","guid":{"rendered":"http:\/\/ladeule.com\/newsite\/?page_id=82"},"modified":"2026-04-15T14:57:42","modified_gmt":"2026-04-15T12:57:42","slug":"lequipe","status":"publish","type":"page","link":"https:\/\/ladeule.com\/newsite\/lequipe\/","title":{"rendered":"L&rsquo;\u00e9quipe"},"content":{"rendered":"\n<h2 class=\"wp-block-heading\">Les salari\u00e9s<\/h2>\n\n\n\n<p>Directeur : Jean-Baptiste G\u00e9rardot-Druays<\/p>\n\n\n\n<p>Secr\u00e9taire : Jennifer Lebourg<\/p>\n\n\n\n<p>Educateur(s) sportif(s) : Gr\u00e9goire De Bels, Fabien Lefebvre, Liam O&rsquo;Duill<\/p>\n\n\n\n<p><\/p>\n\n\n\n<p><\/p>\n\n\n\n<h2 class=\"wp-block-heading\">Le conseil d&rsquo;administration<\/h2>\n\n\n\n<p>Le conseil d&rsquo;administration actuel a \u00e9t\u00e9 \u00e9lu lors de l&rsquo;assembl\u00e9e g\u00e9n\u00e9rale du 29 juin 2022.<\/p>\n\n\n\n<p>Pr\u00e9sidente : Val\u00e9rie Delacourt-Louchart<\/p>\n\n\n\n<p>Vice-Pr\u00e9sident : Alexandre Delbarre<\/p>\n\n\n\n<p>Tr\u00e9sori\u00e8re : Catherine Giacobbi<\/p>\n\n\n\n<p>Secr\u00e9taire Fran\u00e7oise Raverdy<\/p>\n\n\n\n<p>Secr\u00e9taire adjoint : Sylvain Cl\u00e9ment<\/p>\n\n\n\n<p>Membre du CA : Benoit Bernard<\/p>\n\n\n\n<p><\/p>\n","protected":false},"excerpt":{"rendered":"<p>Les salari\u00e9s Directeur : Jean-Baptiste G\u00e9rardot-Druays Secr\u00e9taire : Jennifer Lebourg Educateur(s) sportif(s) : Gr\u00e9goire De Bels, Fabien Lefebvre, Liam O&rsquo;Duill Le conseil d&rsquo;administration Le conseil d&rsquo;administration actuel a \u00e9t\u00e9 \u00e9lu lors de l&rsquo;assembl\u00e9e g\u00e9n\u00e9rale du 29 juin 2022. Pr\u00e9sidente : Val\u00e9rie Delacourt-Louchart Vice-Pr\u00e9sident : Alexandre Delbarre Tr\u00e9sori\u00e8re : Catherine Giacobbi Secr\u00e9taire Fran\u00e7oise Raverdy Secr\u00e9taire adjoint [&hellip;]<\/p>\n","protected":false},"author":1,"featured_media":0,"parent":0,"menu_order":0,"comment_status":"closed","ping_status":"closed","template":"","meta":{"footnotes":""},"class_list":["post-82","page","type-page","status-publish","hentry"],"_links":{"self":[{"href":"https:\/\/ladeule.com\/newsite\/wp-json\/wp\/v2\/pages\/82","targetHints":{"allow":["GET"]}}],"collection":[{"href":"https:\/\/ladeule.com\/newsite\/wp-json\/wp\/v2\/pages"}],"about":[{"href":"https:\/\/ladeule.com\/newsite\/wp-json\/wp\/v2\/types\/page"}],"author":[{"embeddable":true,"href":"https:\/\/ladeule.com\/newsite\/wp-json\/wp\/v2\/users\/1"}],"replies":[{"embeddable":true,"href":"https:\/\/ladeule.com\/newsite\/wp-json\/wp\/v2\/comments?post=82"}],"version-history":[{"count":6,"href":"https:\/\/ladeule.com\/newsite\/wp-json\/wp\/v2\/pages\/82\/revisions"}],"predecessor-version":[{"id":369,"href":"https:\/\/ladeule.com\/newsite\/wp-json\/wp\/v2\/pages\/82\/revisions\/369"}],"wp:attachment":[{"href":"https:\/\/ladeule.com\/newsite\/wp-json\/wp\/v2\/media?parent=82"}],"curies":[{"name":"wp","href":"https:\/\/api.w.org\/{rel}","templated":true}]}}