{"id":78,"date":"2022-12-26T10:50:49","date_gmt":"2022-12-26T09:50:49","guid":{"rendered":"http:\/\/ladeule.com\/newsite\/?page_id=78"},"modified":"2026-04-15T14:46:23","modified_gmt":"2026-04-15T12:46:23","slug":"section-canoe-kayak","status":"publish","type":"page","link":"https:\/\/ladeule.com\/newsite\/section-canoe-kayak\/","title":{"rendered":"Section Cano\u00eb-Kayak"},"content":{"rendered":"\n<p>La Deule est affili\u00e9e \u00e0 la F\u00e9d\u00e9ration Fran\u00e7aise de Cano\u00eb-Kayak (FFCK).<\/p>\n\n\n\n<h3 class=\"wp-block-heading\">S\u00e9ances encadr\u00e9es adultes<\/h3>\n\n\n\n<p>Des s\u00e9ances encadr\u00e9es sont r\u00e9guli\u00e8rement propos\u00e9es aux adh\u00e9rents :<\/p>\n\n\n\n<ul class=\"wp-block-list\">\n<li><strong>le mercredi en g\u00e9n\u00e9ral \u00e0 partir de 18h30 <\/strong>(pendant l&rsquo;heure d&rsquo;\u00e9t\u00e9) : s\u00e9ance de kayak-polo pour tout niveau (m\u00eame d\u00e9butant) qui permet de s&rsquo;initier \u00e0 ce sport ainsi que d&rsquo;acqu\u00e9rir par cette activit\u00e9 une maitrise du kayak et de sa stabilit\u00e9.  Si int\u00e9ress\u00e9 il faudra demander \u00e0 \u00eatre ajout\u00e9 au groupe Whatsapp du mercredi pour avoir les informations.<\/li>\n\n\n\n<li><strong><mark style=\"background-color:rgba(0, 0, 0, 0)\" class=\"has-inline-color has-raft-accent-color\">le lundi de 19h45 \u00e0 22h<\/mark><\/strong> S\u00e9ances \u00e0 la piscine Max Dormoy \u00e0 partir du d\u00e9but novembre jusqu&rsquo;au moins les vacances de p\u00e2ques. L&rsquo;eau chaude de la piscine nous permet d&rsquo;exp\u00e9rimenter et de travailler les techniques les plus audacieuses sans redouter la chute : aisance aquatique, manoeuvres de s\u00e9curit\u00e9 (d\u00e9jupage, rembarquement, esquimautage)&#8230;<\/li>\n<\/ul>\n\n\n\n<p>La tenue de ces s\u00e9ance est d\u00e9pendante de la disponibilit\u00e9 des b\u00e9n\u00e9voles encadrant et peut donc varier d&rsquo;une semaine \u00e0 l&rsquo;autre. Le calendrier en bas de cette page est maintenu \u00e0 jour en temps r\u00e9el par les encadrants et vous permet de savoir si une s\u00e9ance est pr\u00e9vue dans les prochains jours. Pensez \u00e0 y jeter un oeil avant de vous d\u00e9placer juste pour \u00eatre certain de ne pas vous d\u00e9placer pour rien.<\/p>\n\n\n\n<p><\/p>\n\n\n\n<h3 class=\"wp-block-heading\">Navigation Autonome<\/h3>\n\n\n\n<p>Tous les adh\u00e9rents peuvent naviguer en autonomie au d\u00e9part de l&rsquo;association quasiment tous les jours \u00e0 partir du moment o\u00f9 l&rsquo;association est ouverte. <\/p>\n\n\n\n<p class=\"wp-block-pgc-plugin-calendar\"><div class=\"pgc-calendar-wrapper pgc-calendar-page pgc-theme-\"><div class=\"pgc-calendar-filter\" ><\/div><div  data-calendarids='[&quot;53958683167aa7fea7475ffc979297c245b9bf62c58ed69d5db6125c723b3436@group.calendar.google.com&quot;,&quot;b4ec16365b8e8d2054bd8205adb5038d4779d38c3decfb58d98b3a40cef8cdd5@group.calendar.google.com&quot;]'  data-filter='top' data-eventpopup='false' data-eventlink='false' data-eventdescription='false' data-eventlocation='false' data-eventattachments='false' data-eventattendees='false' data-eventcreator='false' data-eventcalendarname='false' data-hidefuture='false' data-hidepassed='false' data-config='{&quot;headerToolbar&quot;:{&quot;start&quot;:&quot;prev,next today&quot;,&quot;center&quot;:&quot;title&quot;,&quot;end&quot;:&quot;dayGridMonth,timeGridWeek,listWeek&quot;}}' data-locale=\"fr_FR\" data-theme=\"\" class=\"pgc-calendar\"><\/div><\/div><\/p>\n","protected":false},"excerpt":{"rendered":"<p>La Deule est affili\u00e9e \u00e0 la F\u00e9d\u00e9ration Fran\u00e7aise de Cano\u00eb-Kayak (FFCK). S\u00e9ances encadr\u00e9es adultes Des s\u00e9ances encadr\u00e9es sont r\u00e9guli\u00e8rement propos\u00e9es aux adh\u00e9rents : La tenue de ces s\u00e9ance est d\u00e9pendante de la disponibilit\u00e9 des b\u00e9n\u00e9voles encadrant et peut donc varier d&rsquo;une semaine \u00e0 l&rsquo;autre. Le calendrier en bas de cette page est maintenu \u00e0 jour [&hellip;]<\/p>\n","protected":false},"author":1,"featured_media":0,"parent":0,"menu_order":0,"comment_status":"closed","ping_status":"closed","template":"","meta":{"footnotes":""},"class_list":["post-78","page","type-page","status-publish","hentry"],"_links":{"self":[{"href":"https:\/\/ladeule.com\/newsite\/wp-json\/wp\/v2\/pages\/78","targetHints":{"allow":["GET"]}}],"collection":[{"href":"https:\/\/ladeule.com\/newsite\/wp-json\/wp\/v2\/pages"}],"about":[{"href":"https:\/\/ladeule.com\/newsite\/wp-json\/wp\/v2\/types\/page"}],"author":[{"embeddable":true,"href":"https:\/\/ladeule.com\/newsite\/wp-json\/wp\/v2\/users\/1"}],"replies":[{"embeddable":true,"href":"https:\/\/ladeule.com\/newsite\/wp-json\/wp\/v2\/comments?post=78"}],"version-history":[{"count":13,"href":"https:\/\/ladeule.com\/newsite\/wp-json\/wp\/v2\/pages\/78\/revisions"}],"predecessor-version":[{"id":360,"href":"https:\/\/ladeule.com\/newsite\/wp-json\/wp\/v2\/pages\/78\/revisions\/360"}],"wp:attachment":[{"href":"https:\/\/ladeule.com\/newsite\/wp-json\/wp\/v2\/media?parent=78"}],"curies":[{"name":"wp","href":"https:\/\/api.w.org\/{rel}","templated":true}]}}