{"id":32,"date":"2022-12-08T18:21:49","date_gmt":"2022-12-08T17:21:49","guid":{"rendered":"http:\/\/ladeule.com\/newsite\/?page_id=32"},"modified":"2026-04-16T16:58:21","modified_gmt":"2026-04-16T14:58:21","slug":"nos-prestations","status":"publish","type":"page","link":"https:\/\/ladeule.com\/newsite\/nos-prestations\/","title":{"rendered":"Nos prestations"},"content":{"rendered":"\n<p><\/p>\n\n\n\n<h2 class=\"wp-block-heading\">ADH\u00c9SIONS ANNUELLES<\/h2>\n\n\n\n<figure class=\"wp-block-table\"><table class=\"has-fixed-layout\"><tbody><tr><td class=\"has-text-align-center\" data-align=\"center\"><\/td><td class=\"has-text-align-center\" data-align=\"center\"><strong>ESCALADE<\/strong><\/td><td class=\"has-text-align-center\" data-align=\"center\"><strong>APPN<\/strong><\/td><td class=\"has-text-align-center\" data-align=\"center\"><strong><strong>CANO\u00cb-KAYAK<\/strong> (Loisirs)<\/strong><\/td><td class=\"has-text-align-center\" data-align=\"center\"><strong><strong>CANO\u00cb-KAYAK<\/strong> (comp\u00e9tition)<\/strong><\/td><\/tr><tr><td class=\"has-text-align-center\" data-align=\"center\">Enfants \/ adultes<\/td><td class=\"has-text-align-center\" data-align=\"center\">190 \u20ac<\/td><td class=\"has-text-align-center\" data-align=\"center\">250 \u20ac<\/td><td class=\"has-text-align-center\" data-align=\"center\">8 \u20ac<\/td><td class=\"has-text-align-center\" data-align=\"center\"><\/td><\/tr><tr><td class=\"has-text-align-center\" data-align=\"center\">S\u00e9niors (+65 ans) ou retrait\u00e9s<\/td><td class=\"has-text-align-center\" data-align=\"center\"><\/td><td class=\"has-text-align-center\" data-align=\"center\"><\/td><td class=\"has-text-align-center\" data-align=\"center\">85 \u20ac<\/td><td class=\"has-text-align-center\" data-align=\"center\">95 \u20ac<\/td><\/tr><tr><td class=\"has-text-align-center\" data-align=\"center\">B\u00e9n\u00e9ficiaires AH ou RSA<\/td><td class=\"has-text-align-center\" data-align=\"center\">85 \u20ac<\/td><td class=\"has-text-align-center\" data-align=\"center\"><\/td><td class=\"has-text-align-center\" data-align=\"center\"><\/td><td class=\"has-text-align-center\" data-align=\"center\"><\/td><\/tr><tr><td class=\"has-text-align-center\" data-align=\"center\">Demandeurs d&#8217;emploi<\/td><td class=\"has-text-align-center\" data-align=\"center\"><\/td><td class=\"has-text-align-center\" data-align=\"center\"><\/td><td class=\"has-text-align-center\" data-align=\"center\"><\/td><td class=\"has-text-align-center\" data-align=\"center\"><\/td><\/tr><tr><td class=\"has-text-align-center\" data-align=\"center\">\u00c9tudiants<\/td><td class=\"has-text-align-center\" data-align=\"center\">150 \u20ac<\/td><td class=\"has-text-align-center\" data-align=\"center\"><\/td><td class=\"has-text-align-center\" data-align=\"center\"><\/td><td class=\"has-text-align-center\" data-align=\"center\"><\/td><\/tr><\/tbody><\/table><\/figure>\n\n\n\n<h2 class=\"wp-block-heading\">TARIFS DES PRESTATIONS<\/h2>\n\n\n\n<figure class=\"wp-block-table\"><table class=\"has-fixed-layout\"><tbody><tr><td class=\"has-text-align-center\" data-align=\"center\"><strong>STRUCTURES<\/strong><\/td><td class=\"has-text-align-center\" data-align=\"center\"><strong>ESCALADE<\/strong><\/td><td class=\"has-text-align-center\" data-align=\"center\"><br><strong>CANO\u00cb-KAYAK \/ PADDLE (+ 6 ANS)<\/strong><\/td><td class=\"has-text-align-center\" data-align=\"center\"><strong>UMIAK \/ DRAGON BOAT<\/strong><\/td><td class=\"has-text-align-center\" data-align=\"center\"><strong>VTT (1h30 \/ + 6 ANS)<\/strong><\/td><\/tr><tr><td class=\"has-text-align-center\" data-align=\"center\">Encadrement (1h)<\/td><td class=\"has-text-align-center\" data-align=\"center\">38,5 \u20ac<\/td><td class=\"has-text-align-center\" data-align=\"center\"><\/td><td class=\"has-text-align-center\" data-align=\"center\"><\/td><td class=\"has-text-align-center\" data-align=\"center\"><\/td><\/tr><tr><td class=\"has-text-align-center\" data-align=\"center\">Scolaires non encadr\u00e9s (LLH)<\/td><td class=\"has-text-align-center\" data-align=\"center\">5 \u20ac<\/td><td class=\"has-text-align-center\" data-align=\"center\"><\/td><td class=\"has-text-align-center\" data-align=\"center\"><\/td><td class=\"has-text-align-center\" data-align=\"center\"><\/td><\/tr><tr><td class=\"has-text-align-center\" data-align=\"center\">Scolaires non encadr\u00e9s (hors LLH)<\/td><td class=\"has-text-align-center\" data-align=\"center\"><\/td><td class=\"has-text-align-center\" data-align=\"center\"><\/td><td class=\"has-text-align-center\" data-align=\"center\"><\/td><td class=\"has-text-align-center\" data-align=\"center\"><\/td><\/tr><tr><td class=\"has-text-align-center\" data-align=\"center\">ACM, MQ, &#8230; (LLH)<\/td><td class=\"has-text-align-center\" data-align=\"center\">6 \u20ac<\/td><td class=\"has-text-align-center\" data-align=\"center\"><\/td><td class=\"has-text-align-center\" data-align=\"center\"><\/td><td class=\"has-text-align-center\" data-align=\"center\">15 \u20ac<\/td><\/tr><tr><td class=\"has-text-align-center\" data-align=\"center\">ACM, MQ, &#8230; (Non Lillois)<\/td><td class=\"has-text-align-center\" data-align=\"center\">8 \u20ac<\/td><td class=\"has-text-align-center\" data-align=\"center\"><\/td><td class=\"has-text-align-center\" data-align=\"center\"><\/td><td class=\"has-text-align-center\" data-align=\"center\">15 \u20ac<\/td><\/tr><tr><td class=\"has-text-align-center\" data-align=\"center\">S\u00e9ance d&rsquo;essai<\/td><td class=\"has-text-align-center\" data-align=\"center\">5 \u20ac<\/td><td class=\"has-text-align-center\" data-align=\"center\">5 \u20ac<\/td><td class=\"has-text-align-center\" data-align=\"center\"><\/td><td class=\"has-text-align-center\" data-align=\"center\"><\/td><\/tr><tr><td class=\"has-text-align-center\" data-align=\"center\">Location(Adh\u00e9rents) &#8211; 1h30<\/td><td class=\"has-text-align-center\" data-align=\"center\"><\/td><td class=\"has-text-align-center\" data-align=\"center\">5 \u20ac<\/td><td class=\"has-text-align-center\" data-align=\"center\"><\/td><td class=\"has-text-align-center\" data-align=\"center\"><\/td><\/tr><tr><td class=\"has-text-align-center\" data-align=\"center\">Location (non adh\u00e9rents) &#8211; 1h30<\/td><td class=\"has-text-align-center\" data-align=\"center\"><\/td><td class=\"has-text-align-center\" data-align=\"center\">10 \u20ac<\/td><td class=\"has-text-align-center\" data-align=\"center\"><\/td><td class=\"has-text-align-center\" data-align=\"center\">15 \u20ac<\/td><\/tr><tr><td class=\"has-text-align-center\" data-align=\"center\">Anniversaires<\/td><td class=\"has-text-align-center\" data-align=\"center\"><\/td><td class=\"has-text-align-center\" data-align=\"center\">10 \u20ac<\/td><td class=\"has-text-align-center\" data-align=\"center\"><\/td><td class=\"has-text-align-center\" data-align=\"center\"><\/td><\/tr><tr><td class=\"has-text-align-center\" data-align=\"center\">EVJF\/EVJG<\/td><td class=\"has-text-align-center\" data-align=\"center\"><\/td><td class=\"has-text-align-center\" data-align=\"center\">10  \u20ac<\/td><td class=\"has-text-align-center\" data-align=\"center\"><\/td><td class=\"has-text-align-center\" data-align=\"center\"><\/td><\/tr><tr><td class=\"has-text-align-center\" data-align=\"center\">Entreprises<\/td><td class=\"has-text-align-center\" data-align=\"center\">15 \u20ac<\/td><td class=\"has-text-align-center\" data-align=\"center\">15 \u20ac<\/td><td class=\"has-text-align-center\" data-align=\"center\">15 \u20ac<\/td><td class=\"has-text-align-center\" data-align=\"center\">15 \u20ac<\/td><\/tr><\/tbody><\/table><\/figure>\n\n\n\n<p><\/p>\n","protected":false},"excerpt":{"rendered":"<p>ADH\u00c9SIONS ANNUELLES ESCALADE APPN CANO\u00cb-KAYAK (Loisirs) CANO\u00cb-KAYAK (comp\u00e9tition) Enfants \/ adultes 190 \u20ac 250 \u20ac 8 \u20ac S\u00e9niors (+65 ans) ou retrait\u00e9s 85 \u20ac 95 \u20ac B\u00e9n\u00e9ficiaires AH ou RSA 85 \u20ac Demandeurs d&#8217;emploi \u00c9tudiants 150 \u20ac TARIFS DES PRESTATIONS STRUCTURES ESCALADE CANO\u00cb-KAYAK \/ PADDLE (+ 6 ANS) UMIAK \/ DRAGON BOAT VTT (1h30 \/ [&hellip;]<\/p>\n","protected":false},"author":1,"featured_media":0,"parent":0,"menu_order":0,"comment_status":"closed","ping_status":"closed","template":"","meta":{"footnotes":""},"class_list":["post-32","page","type-page","status-publish","hentry"],"_links":{"self":[{"href":"https:\/\/ladeule.com\/newsite\/wp-json\/wp\/v2\/pages\/32","targetHints":{"allow":["GET"]}}],"collection":[{"href":"https:\/\/ladeule.com\/newsite\/wp-json\/wp\/v2\/pages"}],"about":[{"href":"https:\/\/ladeule.com\/newsite\/wp-json\/wp\/v2\/types\/page"}],"author":[{"embeddable":true,"href":"https:\/\/ladeule.com\/newsite\/wp-json\/wp\/v2\/users\/1"}],"replies":[{"embeddable":true,"href":"https:\/\/ladeule.com\/newsite\/wp-json\/wp\/v2\/comments?post=32"}],"version-history":[{"count":16,"href":"https:\/\/ladeule.com\/newsite\/wp-json\/wp\/v2\/pages\/32\/revisions"}],"predecessor-version":[{"id":396,"href":"https:\/\/ladeule.com\/newsite\/wp-json\/wp\/v2\/pages\/32\/revisions\/396"}],"wp:attachment":[{"href":"https:\/\/ladeule.com\/newsite\/wp-json\/wp\/v2\/media?parent=32"}],"curies":[{"name":"wp","href":"https:\/\/api.w.org\/{rel}","templated":true}]}}