{"id":28,"date":"2022-12-08T17:47:42","date_gmt":"2022-12-08T16:47:42","guid":{"rendered":"http:\/\/ladeule.com\/newsite\/?page_id=28"},"modified":"2023-01-27T12:53:12","modified_gmt":"2023-01-27T11:53:12","slug":"sections-sportives","status":"publish","type":"page","link":"https:\/\/ladeule.com\/newsite\/sections-sportives\/","title":{"rendered":"Sections sportives"},"content":{"rendered":"\n<p>Les pratiques sportives \u00e0 La Deule s&rsquo;articulent principalement autour de deux activit\u00e9s : <\/p>\n\n\n\n<ul class=\"wp-block-list\">\n<li><a href=\"https:\/\/ladeule.com\/newsite\/escalade\/\" data-type=\"page\" data-id=\"104\">L&rsquo;escalade (avec une affilation \u00e0 la FFME)<\/a><\/li>\n\n\n\n<li><a href=\"https:\/\/ladeule.com\/newsite\/section-canoe-kayak\/\" data-type=\"page\" data-id=\"78\">Le Cano\u00eb-Kayak et sports de pagaie (avec une affiliation \u00e0 la FFCK)<\/a><\/li>\n<\/ul>\n\n\n\n<p>Pour les adh\u00e9rents jeunes o\u00f9 adultes int\u00e9ress\u00e9s par les deux activit\u00e9s et d&rsquo;autres, il est possible de prendre une adh\u00e9sion <a href=\"https:\/\/ladeule.com\/newsite\/activites-physiques-de-pleine-nature\/\" data-type=\"page\" data-id=\"113\">\u00ab\u00a0APPN\u00a0\u00bb (Activit\u00e9s Physiques de Pleine Nature) <\/a>qui permet d&rsquo;\u00eatre licenci\u00e9 \u00e0 la fois \u00e0 la FFME et la FFCK. Pour les jeunes la section APPN propose sur le cr\u00e9neau horaire un planning des activit\u00e9s sur toute l&rsquo;ann\u00e9e (activit\u00e9s nautiques, escalade, VTT, tir \u00e0 l&rsquo;arc, course d&rsquo;orientation&#8230;).<\/p>\n\n\n\n<p><\/p>\n","protected":false},"excerpt":{"rendered":"<p>Les pratiques sportives \u00e0 La Deule s&rsquo;articulent principalement autour de deux activit\u00e9s : Pour les adh\u00e9rents jeunes o\u00f9 adultes int\u00e9ress\u00e9s par les deux activit\u00e9s et d&rsquo;autres, il est possible de prendre une adh\u00e9sion \u00ab\u00a0APPN\u00a0\u00bb (Activit\u00e9s Physiques de Pleine Nature) qui permet d&rsquo;\u00eatre licenci\u00e9 \u00e0 la fois \u00e0 la FFME et la FFCK. Pour les jeunes [&hellip;]<\/p>\n","protected":false},"author":1,"featured_media":0,"parent":0,"menu_order":0,"comment_status":"closed","ping_status":"closed","template":"","meta":{"footnotes":""},"class_list":["post-28","page","type-page","status-publish","hentry"],"_links":{"self":[{"href":"https:\/\/ladeule.com\/newsite\/wp-json\/wp\/v2\/pages\/28","targetHints":{"allow":["GET"]}}],"collection":[{"href":"https:\/\/ladeule.com\/newsite\/wp-json\/wp\/v2\/pages"}],"about":[{"href":"https:\/\/ladeule.com\/newsite\/wp-json\/wp\/v2\/types\/page"}],"author":[{"embeddable":true,"href":"https:\/\/ladeule.com\/newsite\/wp-json\/wp\/v2\/users\/1"}],"replies":[{"embeddable":true,"href":"https:\/\/ladeule.com\/newsite\/wp-json\/wp\/v2\/comments?post=28"}],"version-history":[{"count":4,"href":"https:\/\/ladeule.com\/newsite\/wp-json\/wp\/v2\/pages\/28\/revisions"}],"predecessor-version":[{"id":136,"href":"https:\/\/ladeule.com\/newsite\/wp-json\/wp\/v2\/pages\/28\/revisions\/136"}],"wp:attachment":[{"href":"https:\/\/ladeule.com\/newsite\/wp-json\/wp\/v2\/media?parent=28"}],"curies":[{"name":"wp","href":"https:\/\/api.w.org\/{rel}","templated":true}]}}