{"id":113,"date":"2023-01-24T14:10:34","date_gmt":"2023-01-24T13:10:34","guid":{"rendered":"http:\/\/ladeule.com\/newsite\/?page_id=113"},"modified":"2026-04-15T14:46:07","modified_gmt":"2026-04-15T12:46:07","slug":"activites-physiques-de-pleine-nature","status":"publish","type":"page","link":"https:\/\/ladeule.com\/newsite\/activites-physiques-de-pleine-nature\/","title":{"rendered":"Activit\u00e9s Physiques de Pleine Nature (APPN)"},"content":{"rendered":"\n<h2 class=\"wp-block-heading\">APPN Jeunes<\/h2>\n\n\n\n<p>Les jeunes inscrits en section APPN se voient propos\u00e9s sur leur cr\u00e9neau (voir tableau ci dessous) une programmation int\u00e9grant de nombreuses Activit\u00e9s Physiques de Pleine Nature. Ils sont par ailleurs licenci\u00e9s \u00e0 la fois \u00e0 la FFME et \u00e0 la FFCK :<\/p>\n\n\n\n<ul class=\"wp-block-list\">\n<li>Activit\u00e9s Nautiques (avril-juin) : Cano\u00eb, Kayak, Stand Up Paddle, Umiak&#8230;<\/li>\n\n\n\n<li>Escalade<\/li>\n\n\n\n<li>VTT<\/li>\n\n\n\n<li>Tir \u00e0 l&rsquo;arc<\/li>\n\n\n\n<li>Course d&rsquo;orientation<\/li>\n\n\n\n<li>Accro-grimpe<\/li>\n\n\n\n<li>D\u00e9veloppement durable, actions solidaires et citoyennes.<\/li>\n<\/ul>\n\n\n\n<p>Par ailleurs les jeunes peuvent aussi aller pratiquer toute l&rsquo;ann\u00e9e l&rsquo;escalade sur les cr\u00e9neaux correspondant \u00e0 leur \u00e2ge (voir <a href=\"https:\/\/ladeule.com\/newsite\/escalade\/\" data-type=\"page\" data-id=\"104\">planning<\/a>)<\/p>\n\n\n\n<figure class=\"wp-block-table\"><table><tbody><tr><td class=\"has-text-align-center\" data-align=\"center\"><strong>Tranche d&rsquo;\u00e2ge<\/strong><\/td><td class=\"has-text-align-center\" data-align=\"center\"><strong>Jour<\/strong><\/td><td class=\"has-text-align-center\" data-align=\"center\"><strong>Horaire<\/strong><\/td><td class=\"has-text-align-center\" data-align=\"center\"><strong>Lieux<\/strong><\/td><td><\/td><\/tr><tr><td class=\"has-text-align-center\" data-align=\"center\">6-10 ans<\/td><td class=\"has-text-align-center\" data-align=\"center\">Mercredi<\/td><td class=\"has-text-align-center\" data-align=\"center\">13h30-15h30<\/td><td class=\"has-text-align-center\" data-align=\"center\">La Deule<\/td><td><\/td><\/tr><tr><td class=\"has-text-align-center\" data-align=\"center\">11-15 ans<\/td><td class=\"has-text-align-center\" data-align=\"center\">Mercredi<\/td><td class=\"has-text-align-center\" data-align=\"center\">15h30-17h30<\/td><td class=\"has-text-align-center\" data-align=\"center\">La Deule<\/td><td><\/td><\/tr><tr><td class=\"has-text-align-center\" data-align=\"center\"><\/td><td class=\"has-text-align-center\" data-align=\"center\">Samedi<\/td><td class=\"has-text-align-center\" data-align=\"center\">14h-16h<\/td><td class=\"has-text-align-center\" data-align=\"center\">La Deule<\/td><td><\/td><\/tr><tr><td class=\"has-text-align-center\" data-align=\"center\">15-17 ans<\/td><td class=\"has-text-align-center\" data-align=\"center\">Samedi<\/td><td class=\"has-text-align-center\" data-align=\"center\">14h-16h<\/td><td class=\"has-text-align-center\" data-align=\"center\">La Deule<\/td><td><\/td><\/tr><\/tbody><\/table><\/figure>\n\n\n\n<p><\/p>\n\n\n\n<h2 class=\"wp-block-heading\">APPN Adultes<\/h2>\n\n\n\n<p>Les adultes inscrits en section APPN sont titulaires d&rsquo;une Licence FFME (Escalade) et d&rsquo;une Licence FFCK (Cano\u00eb-Kayak). A ce titres ils ont acc\u00e8s \u00e0 toutes les activit\u00e9s des sections escalade (<a href=\"https:\/\/ladeule.com\/newsite\/escalade\/\" data-type=\"page\" data-id=\"104\" target=\"_blank\" rel=\"noreferrer noopener\">planning<\/a>) et Cano\u00eb-Kayak (<a href=\"https:\/\/ladeule.com\/newsite\/section-canoe-kayak\/\" data-type=\"page\" data-id=\"78\" target=\"_blank\" rel=\"noreferrer noopener\">planning<\/a>)<\/p>\n","protected":false},"excerpt":{"rendered":"<p>APPN Jeunes Les jeunes inscrits en section APPN se voient propos\u00e9s sur leur cr\u00e9neau (voir tableau ci dessous) une programmation int\u00e9grant de nombreuses Activit\u00e9s Physiques de Pleine Nature. Ils sont par ailleurs licenci\u00e9s \u00e0 la fois \u00e0 la FFME et \u00e0 la FFCK : Par ailleurs les jeunes peuvent aussi aller pratiquer toute l&rsquo;ann\u00e9e l&rsquo;escalade [&hellip;]<\/p>\n","protected":false},"author":1,"featured_media":0,"parent":0,"menu_order":0,"comment_status":"closed","ping_status":"closed","template":"","meta":{"footnotes":""},"class_list":["post-113","page","type-page","status-publish","hentry"],"_links":{"self":[{"href":"https:\/\/ladeule.com\/newsite\/wp-json\/wp\/v2\/pages\/113","targetHints":{"allow":["GET"]}}],"collection":[{"href":"https:\/\/ladeule.com\/newsite\/wp-json\/wp\/v2\/pages"}],"about":[{"href":"https:\/\/ladeule.com\/newsite\/wp-json\/wp\/v2\/types\/page"}],"author":[{"embeddable":true,"href":"https:\/\/ladeule.com\/newsite\/wp-json\/wp\/v2\/users\/1"}],"replies":[{"embeddable":true,"href":"https:\/\/ladeule.com\/newsite\/wp-json\/wp\/v2\/comments?post=113"}],"version-history":[{"count":4,"href":"https:\/\/ladeule.com\/newsite\/wp-json\/wp\/v2\/pages\/113\/revisions"}],"predecessor-version":[{"id":359,"href":"https:\/\/ladeule.com\/newsite\/wp-json\/wp\/v2\/pages\/113\/revisions\/359"}],"wp:attachment":[{"href":"https:\/\/ladeule.com\/newsite\/wp-json\/wp\/v2\/media?parent=113"}],"curies":[{"name":"wp","href":"https:\/\/api.w.org\/{rel}","templated":true}]}}