{"id":104,"date":"2023-01-24T12:11:14","date_gmt":"2023-01-24T11:11:14","guid":{"rendered":"http:\/\/ladeule.com\/newsite\/?page_id=104"},"modified":"2026-04-15T17:54:40","modified_gmt":"2026-04-15T15:54:40","slug":"escalade","status":"publish","type":"page","link":"https:\/\/ladeule.com\/newsite\/escalade\/","title":{"rendered":"L&rsquo;escalade"},"content":{"rendered":"\n<p>La pratique de l&rsquo;escalade se fait dans l&rsquo;une des trois salles suivantes : <\/p>\n\n\n\n<ul class=\"wp-block-list\">\n<li>Salle d&rsquo;escalade de La Deule (108 quai G\u00e9ry Legrand, Lille)<\/li>\n\n\n\n<li>Salle d&rsquo;escalade du Jardin des sports (97, rue d\u2019Esquermes, Lille)<\/li>\n\n\n\n<li>Salle d&rsquo;escalade de Fives (23, rue Vaucansson, Lille)<\/li>\n<\/ul>\n\n\n\n<p><\/p>\n\n\n\n<h2 class=\"wp-block-heading\">Cr\u00e9neaux escalade Jeunes<\/h2>\n\n\n\n<p><\/p>\n\n\n\n<p>Les cr\u00e9neaux \u00ab\u00a0Jeunes\u00a0\u00bb sont encadr\u00e9s par les salari\u00e9s de l&rsquo;association et sont organis\u00e9 par classe d&rsquo;\u00e2ge.<\/p>\n\n\n\n<figure class=\"wp-block-table\"><table><tbody><tr><td class=\"has-text-align-center\" data-align=\"center\"><strong>Tranche d&rsquo;\u00e2ge<\/strong><\/td><td class=\"has-text-align-center\" data-align=\"center\"><strong>Jours \/ Horaires<\/strong><\/td><td class=\"has-text-align-center\" data-align=\"center\"><strong>Lieux<\/strong><\/td><\/tr><tr><td class=\"has-text-align-center\" data-align=\"center\">4-6 ans<\/td><td class=\"has-text-align-center\" data-align=\"center\">Mercredi 11h-12h<\/td><td class=\"has-text-align-center\" data-align=\"center\">La Deule<\/td><\/tr><tr><td class=\"has-text-align-center\" data-align=\"center\"><\/td><td class=\"has-text-align-center\" data-align=\"center\">Samedi 10h-11h<\/td><td class=\"has-text-align-center\" data-align=\"center\">La Deule<\/td><\/tr><tr><td class=\"has-text-align-center\" data-align=\"center\"><\/td><td class=\"has-text-align-center\" data-align=\"center\">Samedi 11h-12h<\/td><td class=\"has-text-align-center\" data-align=\"center\">La Deule<\/td><\/tr><tr><td class=\"has-text-align-center\" data-align=\"center\">6-8 ans<\/td><td class=\"has-text-align-center\" data-align=\"center\">Mercredi 14h-15h30<\/td><td class=\"has-text-align-center\" data-align=\"center\">La Deule<\/td><\/tr><tr><td class=\"has-text-align-center\" data-align=\"center\"><\/td><td class=\"has-text-align-center\" data-align=\"center\">Mercredi 15h30-17h00<\/td><td class=\"has-text-align-center\" data-align=\"center\">La Deule<\/td><\/tr><tr><td class=\"has-text-align-center\" data-align=\"center\">8-10 ans<\/td><td class=\"has-text-align-center\" data-align=\"center\">Mardi 17h30-19h00<\/td><td class=\"has-text-align-center\" data-align=\"center\">La Deule<\/td><\/tr><tr><td class=\"has-text-align-center\" data-align=\"center\">10-12 ans <\/td><td class=\"has-text-align-center\" data-align=\"center\">Jeudi 17h30-19h<\/td><td class=\"has-text-align-center\" data-align=\"center\">La Deule<\/td><\/tr><tr><td class=\"has-text-align-center\" data-align=\"center\">12-14 ans<\/td><td class=\"has-text-align-center\" data-align=\"center\">Lundi 17h30-19h<\/td><td class=\"has-text-align-center\" data-align=\"center\">La Deule<\/td><\/tr><tr><td class=\"has-text-align-center\" data-align=\"center\"><\/td><td class=\"has-text-align-center\" data-align=\"center\">Mercredi 18h15-19h45<\/td><td class=\"has-text-align-center\" data-align=\"center\">Jardin des sports<\/td><\/tr><tr><td class=\"has-text-align-center\" data-align=\"center\"><\/td><td class=\"has-text-align-center\" data-align=\"center\">Mercredi 18h15-19h45<\/td><td class=\"has-text-align-center\" data-align=\"center\">Fives<\/td><\/tr><tr><td class=\"has-text-align-center\" data-align=\"center\">15-17 ans<\/td><td class=\"has-text-align-center\" data-align=\"center\">Jeudi 19h30-21h00<\/td><td class=\"has-text-align-center\" data-align=\"center\">Jardin des sports<\/td><\/tr><\/tbody><\/table><\/figure>\n\n\n\n<h2 class=\"wp-block-heading\">Cr\u00e9neaux escalade Adultes<\/h2>\n\n\n\n<p>Les cr\u00e9neaux adultes sont encadr\u00e9s par les b\u00e9n\u00e9voles de l&rsquo;association. La saison commence officiellement au 1er Septembre mais il est possible de s&rsquo;inscrire \u00e0 n&rsquo;importe quel moment de l&rsquo;ann\u00e9e.<br><br>Vous trouverez le dossier d&rsquo;inscription dans la section <a href=\"https:\/\/ladeule.com\/newsite\/sinscrire\/\" data-type=\"page\" data-id=\"94\">\u00ab\u00a0s&rsquo;inscrire\u00a0\u00bb.<\/a><\/p>\n\n\n\n<figure class=\"wp-block-table\"><table><tbody><tr><td class=\"has-text-align-center\" data-align=\"center\"><strong>Jour<\/strong><\/td><td class=\"has-text-align-center\" data-align=\"center\"><strong>Horaire<\/strong><\/td><td class=\"has-text-align-center\" data-align=\"center\"><strong>Lieux<\/strong><\/td><\/tr><tr><td class=\"has-text-align-center\" data-align=\"center\">Lundi<\/td><td class=\"has-text-align-center\" data-align=\"center\">19h30-21h30<\/td><td class=\"has-text-align-center\" data-align=\"center\">Fives<\/td><\/tr><tr><td class=\"has-text-align-center\" data-align=\"center\">Mardi<\/td><td class=\"has-text-align-center\" data-align=\"center\">19h-21h30<\/td><td class=\"has-text-align-center\" data-align=\"center\">Jardin des sports<\/td><\/tr><tr><td class=\"has-text-align-center\" data-align=\"center\">Mercredi (1 semaine \/2 )<\/td><td class=\"has-text-align-center\" data-align=\"center\">19h30-21h30<\/td><td class=\"has-text-align-center\" data-align=\"center\">Fives des sports<\/td><\/tr><tr><td class=\"has-text-align-center\" data-align=\"center\">Jeudi<\/td><td class=\"has-text-align-center\" data-align=\"center\">19h-21h30<\/td><td class=\"has-text-align-center\" data-align=\"center\">La Deule<\/td><\/tr><tr><td class=\"has-text-align-center\" data-align=\"center\">Samedi<\/td><td class=\"has-text-align-center\" data-align=\"center\">14h-17h<\/td><td class=\"has-text-align-center\" data-align=\"center\">La Deule<br>(cr\u00e9neau \u00ab\u00a0famille\u00a0\u00bb)<\/td><\/tr><tr><td class=\"has-text-align-center\" data-align=\"center\">Dimanche<br>(selon calendrier)<\/td><td class=\"has-text-align-center\" data-align=\"center\">10h-12h30 <\/td><td class=\"has-text-align-center\" data-align=\"center\">Fives<\/td><\/tr><tr><td class=\"has-text-align-center\" data-align=\"center\">Dimanche<br>(selon calendrier)<\/td><td class=\"has-text-align-center\" data-align=\"center\">14h-20h<\/td><td class=\"has-text-align-center\" data-align=\"center\">Fives<\/td><\/tr><\/tbody><\/table><\/figure>\n\n\n\n<p><\/p>\n","protected":false},"excerpt":{"rendered":"<p>La pratique de l&rsquo;escalade se fait dans l&rsquo;une des trois salles suivantes : Cr\u00e9neaux escalade Jeunes Les cr\u00e9neaux \u00ab\u00a0Jeunes\u00a0\u00bb sont encadr\u00e9s par les salari\u00e9s de l&rsquo;association et sont organis\u00e9 par classe d&rsquo;\u00e2ge. Tranche d&rsquo;\u00e2ge Jours \/ Horaires Lieux 4-6 ans Mercredi 11h-12h La Deule Samedi 10h-11h La Deule Samedi 11h-12h La Deule 6-8 ans Mercredi [&hellip;]<\/p>\n","protected":false},"author":1,"featured_media":0,"parent":0,"menu_order":0,"comment_status":"closed","ping_status":"closed","template":"","meta":{"footnotes":""},"class_list":["post-104","page","type-page","status-publish","hentry"],"_links":{"self":[{"href":"https:\/\/ladeule.com\/newsite\/wp-json\/wp\/v2\/pages\/104","targetHints":{"allow":["GET"]}}],"collection":[{"href":"https:\/\/ladeule.com\/newsite\/wp-json\/wp\/v2\/pages"}],"about":[{"href":"https:\/\/ladeule.com\/newsite\/wp-json\/wp\/v2\/types\/page"}],"author":[{"embeddable":true,"href":"https:\/\/ladeule.com\/newsite\/wp-json\/wp\/v2\/users\/1"}],"replies":[{"embeddable":true,"href":"https:\/\/ladeule.com\/newsite\/wp-json\/wp\/v2\/comments?post=104"}],"version-history":[{"count":12,"href":"https:\/\/ladeule.com\/newsite\/wp-json\/wp\/v2\/pages\/104\/revisions"}],"predecessor-version":[{"id":395,"href":"https:\/\/ladeule.com\/newsite\/wp-json\/wp\/v2\/pages\/104\/revisions\/395"}],"wp:attachment":[{"href":"https:\/\/ladeule.com\/newsite\/wp-json\/wp\/v2\/media?parent=104"}],"curies":[{"name":"wp","href":"https:\/\/api.w.org\/{rel}","templated":true}]}}